{"id":2389,"date":"2015-02-03T09:25:41","date_gmt":"2015-02-03T09:25:41","guid":{"rendered":"http:\/\/www.spyropoulos-turbo.com\/epikoinonia\/"},"modified":"2018-07-04T11:19:35","modified_gmt":"2018-07-04T08:19:35","slug":"comunicacion","status":"publish","type":"page","link":"https:\/\/www.spyropoulos-turbo.com\/es\/comunicacion\/","title":{"rendered":"COMUNICACI\u00d3N"},"content":{"rendered":"","protected":false},"excerpt":{"rendered":"","protected":false},"author":3,"featured_media":0,"parent":0,"menu_order":0,"comment_status":"open","ping_status":"closed","template":"","meta":{"footnotes":""},"class_list":["post-2389","page","type-page","status-publish","hentry"],"yoast_head":"<!-- This site is optimized with the Yoast SEO plugin v25.1 - https:\/\/yoast.com\/wordpress\/plugins\/seo\/ -->\n<title>Comunicaci\u00f3n | SPYROPOULOS TURBO<\/title>\n<meta name=\"description\" content=\"P\u00f3ngase en contacto con la empresa SPYROPOULOS TURBO, con sede en Keratsini (El Pireo) a trav\u00e9s del tel\u00e9fono 21043 109 68.\" \/>\n<meta name=\"robots\" content=\"index, follow, max-snippet:-1, max-image-preview:large, max-video-preview:-1\" \/>\n<link rel=\"canonical\" href=\"https:\/\/www.spyropoulos-turbo.com\/es\/comunicacion\/\" \/>\n<meta property=\"og:locale\" content=\"es_ES\" \/>\n<meta property=\"og:type\" content=\"article\" \/>\n<meta property=\"og:title\" content=\"Comunicaci\u00f3n | SPYROPOULOS TURBO\" \/>\n<meta property=\"og:description\" content=\"P\u00f3ngase en contacto con la empresa SPYROPOULOS TURBO, con sede en Keratsini (El Pireo) a trav\u00e9s del tel\u00e9fono 21043 109 68.\" \/>\n<meta property=\"og:url\" content=\"https:\/\/www.spyropoulos-turbo.com\/es\/comunicacion\/\" \/>\n<meta property=\"og:site_name\" content=\"\u0395\u03c0\u03b9\u03c3\u03ba\u03b5\u03c5\u03ad\u03c2 \u03a5\u03c0\u03b5\u03c1\u03c0\u03bb\u03b7\u03c1\u03c9\u03c4\u03ce\u03bd\" \/>\n<meta property=\"article:modified_time\" content=\"2018-07-04T08:19:35+00:00\" \/>\n<meta name=\"twitter:card\" content=\"summary_large_image\" \/>\n<script type=\"application\/ld+json\" class=\"yoast-schema-graph\">{\"@context\":\"https:\/\/schema.org\",\"@graph\":[{\"@type\":\"WebPage\",\"@id\":\"https:\/\/www.spyropoulos-turbo.com\/es\/comunicacion\/\",\"url\":\"https:\/\/www.spyropoulos-turbo.com\/es\/comunicacion\/\",\"name\":\"Comunicaci\u00f3n | SPYROPOULOS TURBO\",\"isPartOf\":{\"@id\":\"https:\/\/www.spyropoulos-turbo.com\/#website\"},\"datePublished\":\"2015-02-03T09:25:41+00:00\",\"dateModified\":\"2018-07-04T08:19:35+00:00\",\"description\":\"P\u00f3ngase en contacto con la empresa SPYROPOULOS TURBO, con sede en Keratsini (El Pireo) a trav\u00e9s del tel\u00e9fono 21043 109 68.\",\"breadcrumb\":{\"@id\":\"https:\/\/www.spyropoulos-turbo.com\/es\/comunicacion\/#breadcrumb\"},\"inLanguage\":\"es\",\"potentialAction\":[{\"@type\":\"ReadAction\",\"target\":[\"https:\/\/www.spyropoulos-turbo.com\/es\/comunicacion\/\"]}]},{\"@type\":\"BreadcrumbList\",\"@id\":\"https:\/\/www.spyropoulos-turbo.com\/es\/comunicacion\/#breadcrumb\",\"itemListElement\":[{\"@type\":\"ListItem\",\"position\":1,\"name\":\"Home\",\"item\":\"https:\/\/www.spyropoulos-turbo.com\/es\/\"},{\"@type\":\"ListItem\",\"position\":2,\"name\":\"COMUNICACI\u00d3N\"}]},{\"@type\":\"WebSite\",\"@id\":\"https:\/\/www.spyropoulos-turbo.com\/#website\",\"url\":\"https:\/\/www.spyropoulos-turbo.com\/\",\"name\":\"\u0395\u03c0\u03b9\u03c3\u03ba\u03b5\u03c5\u03ad\u03c2 \u03a5\u03c0\u03b5\u03c1\u03c0\u03bb\u03b7\u03c1\u03c9\u03c4\u03ce\u03bd\",\"description\":\"\u0397 \u03b5\u03c4\u03b1\u03b9\u03c1\u03b5\u03af\u03b1 SPYROPOULOS TURBO \u03b4\u03c1\u03b1\u03c3\u03c4\u03b7\u03c1\u03b9\u03bf\u03c0\u03bf\u03b9\u03b5\u03af\u03c4\u03b1\u03b9 \u03c3\u03c4\u03bf\u03bd \u03c4\u03bf\u03bc\u03ad\u03b1 \u03c4\u03b7\u03c2 \u03b5\u03c0\u03b9\u03c3\u03ba\u03b5\u03c5\u03ae\u03c2 \u03c5\u03c0\u03b5\u03c1\u03c0\u03bb\u03b7\u03c1\u03c9\u03c4\u03ce\u03bd \u03c0\u03b1\u03bd\u03c4\u03cc\u03c2 \u03c4\u03cd\u03c0\u03bf\u03c5 \u03c3\u03b5 \u03b5\u03bb\u03ba\u03c5\u03c3\u03c4\u03b9\u03ba\u03ad\u03c2 \u03c4\u03b9\u03bc\u03ad\u03c2.\",\"publisher\":{\"@id\":\"https:\/\/www.spyropoulos-turbo.com\/#organization\"},\"potentialAction\":[{\"@type\":\"SearchAction\",\"target\":{\"@type\":\"EntryPoint\",\"urlTemplate\":\"https:\/\/www.spyropoulos-turbo.com\/?s={search_term_string}\"},\"query-input\":{\"@type\":\"PropertyValueSpecification\",\"valueRequired\":true,\"valueName\":\"search_term_string\"}}],\"inLanguage\":\"es\"},{\"@type\":\"Organization\",\"@id\":\"https:\/\/www.spyropoulos-turbo.com\/#organization\",\"name\":\"\u0395\u03c0\u03b9\u03c3\u03ba\u03b5\u03c5\u03ad\u03c2 \u03a5\u03c0\u03b5\u03c1\u03c0\u03bb\u03b7\u03c1\u03c9\u03c4\u03ce\u03bd\",\"url\":\"https:\/\/www.spyropoulos-turbo.com\/\",\"logo\":{\"@type\":\"ImageObject\",\"inLanguage\":\"es\",\"@id\":\"https:\/\/www.spyropoulos-turbo.com\/#\/schema\/logo\/image\/\",\"url\":\"https:\/\/spyropoulos-turbo.com\/wp-content\/uploads\/2022\/11\/spyropoulos-turbo-dark.png\",\"contentUrl\":\"https:\/\/spyropoulos-turbo.com\/wp-content\/uploads\/2022\/11\/spyropoulos-turbo-dark.png\",\"width\":454,\"height\":227,\"caption\":\"\u0395\u03c0\u03b9\u03c3\u03ba\u03b5\u03c5\u03ad\u03c2 \u03a5\u03c0\u03b5\u03c1\u03c0\u03bb\u03b7\u03c1\u03c9\u03c4\u03ce\u03bd\"},\"image\":{\"@id\":\"https:\/\/www.spyropoulos-turbo.com\/#\/schema\/logo\/image\/\"}}]}<\/script>\n<!-- \/ Yoast SEO plugin. -->","yoast_head_json":{"title":"Comunicaci\u00f3n | SPYROPOULOS TURBO","description":"P\u00f3ngase en contacto con la empresa SPYROPOULOS TURBO, con sede en Keratsini (El Pireo) a trav\u00e9s del tel\u00e9fono 21043 109 68.","robots":{"index":"index","follow":"follow","max-snippet":"max-snippet:-1","max-image-preview":"max-image-preview:large","max-video-preview":"max-video-preview:-1"},"canonical":"https:\/\/www.spyropoulos-turbo.com\/es\/comunicacion\/","og_locale":"es_ES","og_type":"article","og_title":"Comunicaci\u00f3n | SPYROPOULOS TURBO","og_description":"P\u00f3ngase en contacto con la empresa SPYROPOULOS TURBO, con sede en Keratsini (El Pireo) a trav\u00e9s del tel\u00e9fono 21043 109 68.","og_url":"https:\/\/www.spyropoulos-turbo.com\/es\/comunicacion\/","og_site_name":"\u0395\u03c0\u03b9\u03c3\u03ba\u03b5\u03c5\u03ad\u03c2 \u03a5\u03c0\u03b5\u03c1\u03c0\u03bb\u03b7\u03c1\u03c9\u03c4\u03ce\u03bd","article_modified_time":"2018-07-04T08:19:35+00:00","twitter_card":"summary_large_image","schema":{"@context":"https:\/\/schema.org","@graph":[{"@type":"WebPage","@id":"https:\/\/www.spyropoulos-turbo.com\/es\/comunicacion\/","url":"https:\/\/www.spyropoulos-turbo.com\/es\/comunicacion\/","name":"Comunicaci\u00f3n | SPYROPOULOS TURBO","isPartOf":{"@id":"https:\/\/www.spyropoulos-turbo.com\/#website"},"datePublished":"2015-02-03T09:25:41+00:00","dateModified":"2018-07-04T08:19:35+00:00","description":"P\u00f3ngase en contacto con la empresa SPYROPOULOS TURBO, con sede en Keratsini (El Pireo) a trav\u00e9s del tel\u00e9fono 21043 109 68.","breadcrumb":{"@id":"https:\/\/www.spyropoulos-turbo.com\/es\/comunicacion\/#breadcrumb"},"inLanguage":"es","potentialAction":[{"@type":"ReadAction","target":["https:\/\/www.spyropoulos-turbo.com\/es\/comunicacion\/"]}]},{"@type":"BreadcrumbList","@id":"https:\/\/www.spyropoulos-turbo.com\/es\/comunicacion\/#breadcrumb","itemListElement":[{"@type":"ListItem","position":1,"name":"Home","item":"https:\/\/www.spyropoulos-turbo.com\/es\/"},{"@type":"ListItem","position":2,"name":"COMUNICACI\u00d3N"}]},{"@type":"WebSite","@id":"https:\/\/www.spyropoulos-turbo.com\/#website","url":"https:\/\/www.spyropoulos-turbo.com\/","name":"\u0395\u03c0\u03b9\u03c3\u03ba\u03b5\u03c5\u03ad\u03c2 \u03a5\u03c0\u03b5\u03c1\u03c0\u03bb\u03b7\u03c1\u03c9\u03c4\u03ce\u03bd","description":"\u0397 \u03b5\u03c4\u03b1\u03b9\u03c1\u03b5\u03af\u03b1 SPYROPOULOS TURBO \u03b4\u03c1\u03b1\u03c3\u03c4\u03b7\u03c1\u03b9\u03bf\u03c0\u03bf\u03b9\u03b5\u03af\u03c4\u03b1\u03b9 \u03c3\u03c4\u03bf\u03bd \u03c4\u03bf\u03bc\u03ad\u03b1 \u03c4\u03b7\u03c2 \u03b5\u03c0\u03b9\u03c3\u03ba\u03b5\u03c5\u03ae\u03c2 \u03c5\u03c0\u03b5\u03c1\u03c0\u03bb\u03b7\u03c1\u03c9\u03c4\u03ce\u03bd \u03c0\u03b1\u03bd\u03c4\u03cc\u03c2 \u03c4\u03cd\u03c0\u03bf\u03c5 \u03c3\u03b5 \u03b5\u03bb\u03ba\u03c5\u03c3\u03c4\u03b9\u03ba\u03ad\u03c2 \u03c4\u03b9\u03bc\u03ad\u03c2.","publisher":{"@id":"https:\/\/www.spyropoulos-turbo.com\/#organization"},"potentialAction":[{"@type":"SearchAction","target":{"@type":"EntryPoint","urlTemplate":"https:\/\/www.spyropoulos-turbo.com\/?s={search_term_string}"},"query-input":{"@type":"PropertyValueSpecification","valueRequired":true,"valueName":"search_term_string"}}],"inLanguage":"es"},{"@type":"Organization","@id":"https:\/\/www.spyropoulos-turbo.com\/#organization","name":"\u0395\u03c0\u03b9\u03c3\u03ba\u03b5\u03c5\u03ad\u03c2 \u03a5\u03c0\u03b5\u03c1\u03c0\u03bb\u03b7\u03c1\u03c9\u03c4\u03ce\u03bd","url":"https:\/\/www.spyropoulos-turbo.com\/","logo":{"@type":"ImageObject","inLanguage":"es","@id":"https:\/\/www.spyropoulos-turbo.com\/#\/schema\/logo\/image\/","url":"https:\/\/spyropoulos-turbo.com\/wp-content\/uploads\/2022\/11\/spyropoulos-turbo-dark.png","contentUrl":"https:\/\/spyropoulos-turbo.com\/wp-content\/uploads\/2022\/11\/spyropoulos-turbo-dark.png","width":454,"height":227,"caption":"\u0395\u03c0\u03b9\u03c3\u03ba\u03b5\u03c5\u03ad\u03c2 \u03a5\u03c0\u03b5\u03c1\u03c0\u03bb\u03b7\u03c1\u03c9\u03c4\u03ce\u03bd"},"image":{"@id":"https:\/\/www.spyropoulos-turbo.com\/#\/schema\/logo\/image\/"}}]}},"_links":{"self":[{"href":"https:\/\/www.spyropoulos-turbo.com\/es\/wp-json\/wp\/v2\/pages\/2389","targetHints":{"allow":["GET"]}}],"collection":[{"href":"https:\/\/www.spyropoulos-turbo.com\/es\/wp-json\/wp\/v2\/pages"}],"about":[{"href":"https:\/\/www.spyropoulos-turbo.com\/es\/wp-json\/wp\/v2\/types\/page"}],"author":[{"embeddable":true,"href":"https:\/\/www.spyropoulos-turbo.com\/es\/wp-json\/wp\/v2\/users\/3"}],"replies":[{"embeddable":true,"href":"https:\/\/www.spyropoulos-turbo.com\/es\/wp-json\/wp\/v2\/comments?post=2389"}],"version-history":[{"count":0,"href":"https:\/\/www.spyropoulos-turbo.com\/es\/wp-json\/wp\/v2\/pages\/2389\/revisions"}],"wp:attachment":[{"href":"https:\/\/www.spyropoulos-turbo.com\/es\/wp-json\/wp\/v2\/media?parent=2389"}],"curies":[{"name":"wp","href":"https:\/\/api.w.org\/{rel}","templated":true}]}}